{"id":114,"date":"2024-04-17T13:16:14","date_gmt":"2024-04-17T11:16:14","guid":{"rendered":"http:\/\/www.digitalisierungsberatung.at\/?page_id=114"},"modified":"2024-04-17T13:37:09","modified_gmt":"2024-04-17T11:37:09","slug":"datenschutzerklaerung","status":"publish","type":"page","link":"http:\/\/www.digitalisierungsberatung.at\/?page_id=114","title":{"rendered":"Datenschutzerkl\u00e4rung"},"content":{"rendered":"\n<p>Datenschutzerkl\u00e4rung der&nbsp;<br>madlberger digitalisierungsberatung gmbh<\/p>\n\n\n\n<p>1. Allgemeines<\/p>\n\n\n\n<p>Diese Datenschutzerkl\u00e4rung informiert Sie \u00fcber Art, Umfang und Zweck der von uns erhobenen, genutzten und verarbeiteten personenbezogenen Daten.&nbsp;<\/p>\n\n\n\n<p>Wir nehmen den Schutz Ihrer pers\u00f6nlichen Daten ernst und behandeln diese vertraulich und entsprechend den gesetzlichen Datenschutzvorschriften sowie dieser Datenschutzerkl\u00e4rung.<\/p>\n\n\n\n<p>2. Verantwortlicher<\/p>\n\n\n\n<p>Verantwortlicher f\u00fcr die Datenverarbeitung:<\/p>\n\n\n\n<p>madlberger digitalisierungsberatung gmbh<br>vertreten durch den<br>Alleingesellschafter-Gesch\u00e4ftsf\u00fchrer<br>Hermann Madlberger MBA MPA<\/p>\n\n\n\n<p>A-7000 Eisenstadt, Krautgartenweg 4a-19<\/p>\n\n\n\n<p>Tel.: +43 664 6129045<\/p>\n\n\n\n<p>eMail: madlberger@digitalisierungsberatung.at<\/p>\n\n\n\n<p>3. Erfassung und Verarbeitung von Daten<\/p>\n\n\n\n<p>Wir erheben personenbezogene Daten nur, wenn diese f\u00fcr die Durchf\u00fchrung und Abwicklung unserer Dienstleistungen erforderlich sind oder Sie uns diese freiwillig zur Verf\u00fcgung stellen. Zu den Daten geh\u00f6ren:<\/p>\n\n\n\n<ul class=\"wp-block-list\">\n<li>Name (Vor- und Zuname, Firma)<\/li>\n\n\n\n<li>Kontaktdaten (z.B. Adresse, E-Mail-Adresse, Telefonnummer)<\/li>\n\n\n\n<li>Berufsbezogene Daten (z.B. Unternehmenszugeh\u00f6rigkeit)<\/li>\n\n\n\n<li>Inhalte unserer Kommunikation (z.B. Anfragen, Beratungsbedarf)<\/li>\n<\/ul>\n\n\n\n<p>4. Zweck der Datenverarbeitung<\/p>\n\n\n\n<p>Ihre Daten werden zu folgenden Zwecken verarbeitet:<\/p>\n\n\n\n<ul class=\"wp-block-list\">\n<li>Durchf\u00fchrung von Beratungsleistungen<\/li>\n\n\n\n<li>Kommunikation mit Ihnen<\/li>\n\n\n\n<li>Abwicklung von Vertragsverh\u00e4ltnissen<\/li>\n\n\n\n<li>Rechnungsstellung und Buchhaltung<\/li>\n<\/ul>\n\n\n\n<p>5. Rechtsgrundlagen<\/p>\n\n\n\n<p>Die Verarbeitung erfolgt auf Basis folgender Rechtsgrundlagen:<\/p>\n\n\n\n<ul class=\"wp-block-list\">\n<li>Ihre Einwilligung (Art. 6 Abs. 1 lit. a DSGVO)<\/li>\n\n\n\n<li>Erf\u00fcllung eines Vertrags (Art. 6 Abs. 1 lit. b DSGVO)<\/li>\n\n\n\n<li>Erf\u00fcllung rechtlicher Verpflichtungen (Art. 6 Abs. 1 lit. c DSGVO)<\/li>\n\n\n\n<li>Wahrung berechtigter Interessen (Art. 6 Abs. 1 lit. f DSGVO)<\/li>\n<\/ul>\n\n\n\n<p>6. Daten\u00fcbermittlung<\/p>\n\n\n\n<p>Daten werden nur an Dritte \u00fcbermittelt, wenn dies zur Vertragserf\u00fcllung notwendig ist, gesetzliche Verpflichtungen bestehen oder Sie ausdr\u00fccklich eingewilligt haben.<\/p>\n\n\n\n<p>Empf\u00e4nger k\u00f6nnen umfassen:<\/p>\n\n\n\n<ul class=\"wp-block-list\">\n<li>Steuerberater und Wirtschaftspr\u00fcfer<\/li>\n\n\n\n<li>IT-Dienstleister<\/li>\n\n\n\n<li>Beh\u00f6rden und Gerichte (bei gesetzlichen Verpflichtungen)<\/li>\n<\/ul>\n\n\n\n<p>7. Datenspeicherung<\/p>\n\n\n\n<p>Daten werden so lange gespeichert, wie dies f\u00fcr die genannten Zwecke erforderlich ist oder gesetzliche Aufbewahrungsfristen bestehen. Nach Wegfall des jeweiligen Zwecks oder Ablauf dieser Fristen werden die Daten gel\u00f6scht.<\/p>\n\n\n\n<p>8. Ihre Rechte<\/p>\n\n\n\n<p>Sie haben das Recht auf Auskunft, Berichtigung, L\u00f6schung, Einschr\u00e4nkung der Verarbeitung, Daten\u00fcbertragbarkeit und Widerspruch gegen die Verarbeitung Ihrer Daten. Zur Wahrnehmung dieser Rechte wenden Sie sich bitte an den Verantwortlichen.<\/p>\n\n\n\n<p>9. Beschwerderecht<\/p>\n\n\n\n<p>Sie haben das Recht, Beschwerde bei der zust\u00e4ndigen Datenschutzbeh\u00f6rde zu erheben, wenn Sie der Ansicht sind, dass die Verarbeitung Ihrer personenbezogenen Daten nicht rechtm\u00e4\u00dfig erfolgt.<\/p>\n\n\n\n<p>10. \u00c4nderungen dieser Datenschutzerkl\u00e4rung<\/p>\n\n\n\n<p>Wir behalten uns vor, diese Datenschutzerkl\u00e4rung anzupassen, um sie stets den aktuellen rechtlichen Anforderungen zu entsprechen oder \u00c4nderungen unserer Dienste einzuarbeiten. Die jeweils aktuelle Version finden Sie auf unserer Website.<\/p>\n","protected":false},"excerpt":{"rendered":"<p>Datenschutzerkl\u00e4rung der&nbsp;madlberger digitalisierungsberatung gmbh 1. Allgemeines Diese Datenschutzerkl\u00e4rung informiert Sie \u00fcber Art, Umfang und Zweck der von uns erhobenen, genutzten und verarbeiteten personenbezogenen Daten.&nbsp; Wir nehmen den Schutz Ihrer pers\u00f6nlichen Daten ernst und behandeln diese vertraulich und entsprechend den gesetzlichen Datenschutzvorschriften sowie dieser Datenschutzerkl\u00e4rung. 2. Verantwortlicher Verantwortlicher f\u00fcr die Datenverarbeitung: madlberger digitalisierungsberatung gmbhvertreten durch denAlleingesellschafter-Gesch\u00e4ftsf\u00fchrerHermann &hellip; <\/p>\n<p class=\"link-more\"><a href=\"http:\/\/www.digitalisierungsberatung.at\/?page_id=114\" class=\"more-link\"><span class=\"screen-reader-text\">\u201eDatenschutzerkl\u00e4rung\u201c <\/span>weiterlesen<\/a><\/p>\n","protected":false},"author":1,"featured_media":0,"parent":0,"menu_order":0,"comment_status":"closed","ping_status":"closed","template":"","meta":{"footnotes":""},"class_list":["post-114","page","type-page","status-publish","hentry"],"_links":{"self":[{"href":"http:\/\/www.digitalisierungsberatung.at\/index.php?rest_route=\/wp\/v2\/pages\/114","targetHints":{"allow":["GET"]}}],"collection":[{"href":"http:\/\/www.digitalisierungsberatung.at\/index.php?rest_route=\/wp\/v2\/pages"}],"about":[{"href":"http:\/\/www.digitalisierungsberatung.at\/index.php?rest_route=\/wp\/v2\/types\/page"}],"author":[{"embeddable":true,"href":"http:\/\/www.digitalisierungsberatung.at\/index.php?rest_route=\/wp\/v2\/users\/1"}],"replies":[{"embeddable":true,"href":"http:\/\/www.digitalisierungsberatung.at\/index.php?rest_route=%2Fwp%2Fv2%2Fcomments&post=114"}],"version-history":[{"count":3,"href":"http:\/\/www.digitalisierungsberatung.at\/index.php?rest_route=\/wp\/v2\/pages\/114\/revisions"}],"predecessor-version":[{"id":124,"href":"http:\/\/www.digitalisierungsberatung.at\/index.php?rest_route=\/wp\/v2\/pages\/114\/revisions\/124"}],"wp:attachment":[{"href":"http:\/\/www.digitalisierungsberatung.at\/index.php?rest_route=%2Fwp%2Fv2%2Fmedia&parent=114"}],"curies":[{"name":"wp","href":"https:\/\/api.w.org\/{rel}","templated":true}]}}