{"id":113,"date":"2024-04-17T13:16:14","date_gmt":"2024-04-17T11:16:14","guid":{"rendered":"http:\/\/www.digitalisierungsberatung.at\/?page_id=113"},"modified":"2024-04-17T13:26:04","modified_gmt":"2024-04-17T11:26:04","slug":"allgemeine-geschaeftsbedingungen","status":"publish","type":"page","link":"http:\/\/www.digitalisierungsberatung.at\/?page_id=113","title":{"rendered":"Allgemeine Gesch\u00e4ftsbedingungen"},"content":{"rendered":"\n<p>Allgemeine Gesch\u00e4ftsbedingungen der <br>madlberger digitalisierungsberatung gmbh<br>in Eisenstadt<\/p>\n\n\n\n<p>\u00a7 1 Geltungsbereich<\/p>\n\n\n\n<p>(1) Diese Allgemeinen Gesch\u00e4ftsbedingungen (AGB) gelten f\u00fcr alle Beratungsleistungen, die von der madlberger digitalisierungsberatung gmbh (nachfolgend \u201eBeratergesellschaft\u201c genannt) an ihre Kunden erbracht werden. Abweichende Bedingungen des Kunden werden nur anerkannt, wenn dies schriftlich vereinbart wurde.<\/p>\n\n\n\n<p>(2) Die Beratergesellschaft wird durch den Alleingesellschafter-Gesch\u00e4ftsf\u00fchrer vertreten.<\/p>\n\n\n\n<p>\u00a7 2 Vertragsabschluss<\/p>\n\n\n\n<p>(1) Angebote der Beratergesellschaft sind freibleibend und unverbindlich.<\/p>\n\n\n\n<p>(2) Ein Vertrag kommt entweder durch eine schriftliche Auftragsbest\u00e4tigung der Beratergesellschaft oder durch tats\u00e4chliche Erbringung der Leistung zustande.<\/p>\n\n\n\n<p>\u00a7 3 Leistungsumfang<\/p>\n\n\n\n<p>(1) Der Umfang der zu erbringenden Beratungsleistungen wird individuell vereinbart und basiert auf den vom Kunden zur Verf\u00fcgung gestellten Informationen und Unterlagen.<\/p>\n\n\n\n<p>(2) \u00c4nderungen des Leistungsumfangs bed\u00fcrfen der schriftlichen Zustimmung beider Parteien.<\/p>\n\n\n\n<p>\u00a7 4 Verg\u00fctung und Zahlungsbedingungen<\/p>\n\n\n\n<p>(1) Die Verg\u00fctung f\u00fcr die Beratungsleistungen richtet sich nach dem individuellen Vertrag.<\/p>\n\n\n\n<p>(2) Rechnungen sind sofort nach Rechnungsstellung ohne Abzug zahlbar.<\/p>\n\n\n\n<p>\u00a7 5 Mitwirkungspflichten des Auftraggebers<\/p>\n\n\n\n<p>(1) Der Auftraggeber ist verpflichtet, dem Berater alle f\u00fcr die Beratung erforderlichen Informationen rechtzeitig und vollst\u00e4ndig zur Verf\u00fcgung zu stellen.<\/p>\n\n\n\n<p>(2) Der Auftraggeber benennt einen Ansprechpartner, der der Beratergesellschaft w\u00e4hrend der Vertragslaufzeit zur Verf\u00fcgung steht.<\/p>\n\n\n\n<p>\u00a7 6 Haftung<\/p>\n\n\n\n<p>(1) Die Beratergesellschaft haftet f\u00fcr Vorsatz und grobe Fahrl\u00e4ssigkeit.<\/p>\n\n\n\n<p>(2) Die Haftung f\u00fcr leichte Fahrl\u00e4ssigkeit ist ausgeschlossen, sofern keine vertraglichen Pflichten verletzt werden.<\/p>\n\n\n\n<p>\u00a7 7 Datenschutz<\/p>\n\n\n\n<p>(1) Die personenbezogenen Daten des Kunden werden unter strenger Einhaltung der datenschutzrechtlichen Bestimmungen verarbeitet.<\/p>\n\n\n\n<p>(2) Weitere Informationen zum Datenschutz sind in der Datenschutzerkl\u00e4rung enthalten.<\/p>\n\n\n\n<p>\u00a7 8 Schlussbestimmungen<\/p>\n\n\n\n<p>(1) \u00c4nderungen und Erg\u00e4nzungen dieser AGB bed\u00fcrfen der Schriftform. Dies gilt auch f\u00fcr die Aufhebung dieses Schriftformerfordernisses.<\/p>\n\n\n\n<p>(2) Sollten einzelne Bestimmungen dieser AGB unwirksam sein, bleibt die Wirksamkeit der \u00fcbrigen Bestimmungen unber\u00fchrt.<\/p>\n\n\n\n<p>(3) Es gilt \u00f6sterreichisches Recht. Gerichtsstand ist Eisenstadt.<\/p>\n","protected":false},"excerpt":{"rendered":"<p>Allgemeine Gesch\u00e4ftsbedingungen der madlberger digitalisierungsberatung gmbhin Eisenstadt \u00a7 1 Geltungsbereich (1) Diese Allgemeinen Gesch\u00e4ftsbedingungen (AGB) gelten f\u00fcr alle Beratungsleistungen, die von der madlberger digitalisierungsberatung gmbh (nachfolgend \u201eBeratergesellschaft\u201c genannt) an ihre Kunden erbracht werden. Abweichende Bedingungen des Kunden werden nur anerkannt, wenn dies schriftlich vereinbart wurde. (2) Die Beratergesellschaft wird durch den Alleingesellschafter-Gesch\u00e4ftsf\u00fchrer vertreten. \u00a7 2 &hellip; <\/p>\n<p class=\"link-more\"><a href=\"http:\/\/www.digitalisierungsberatung.at\/?page_id=113\" class=\"more-link\"><span class=\"screen-reader-text\">\u201eAllgemeine Gesch\u00e4ftsbedingungen\u201c <\/span>weiterlesen<\/a><\/p>\n","protected":false},"author":1,"featured_media":0,"parent":0,"menu_order":0,"comment_status":"closed","ping_status":"closed","template":"","meta":{"footnotes":""},"class_list":["post-113","page","type-page","status-publish","hentry"],"_links":{"self":[{"href":"http:\/\/www.digitalisierungsberatung.at\/index.php?rest_route=\/wp\/v2\/pages\/113","targetHints":{"allow":["GET"]}}],"collection":[{"href":"http:\/\/www.digitalisierungsberatung.at\/index.php?rest_route=\/wp\/v2\/pages"}],"about":[{"href":"http:\/\/www.digitalisierungsberatung.at\/index.php?rest_route=\/wp\/v2\/types\/page"}],"author":[{"embeddable":true,"href":"http:\/\/www.digitalisierungsberatung.at\/index.php?rest_route=\/wp\/v2\/users\/1"}],"replies":[{"embeddable":true,"href":"http:\/\/www.digitalisierungsberatung.at\/index.php?rest_route=%2Fwp%2Fv2%2Fcomments&post=113"}],"version-history":[{"count":3,"href":"http:\/\/www.digitalisierungsberatung.at\/index.php?rest_route=\/wp\/v2\/pages\/113\/revisions"}],"predecessor-version":[{"id":122,"href":"http:\/\/www.digitalisierungsberatung.at\/index.php?rest_route=\/wp\/v2\/pages\/113\/revisions\/122"}],"wp:attachment":[{"href":"http:\/\/www.digitalisierungsberatung.at\/index.php?rest_route=%2Fwp%2Fv2%2Fmedia&parent=113"}],"curies":[{"name":"wp","href":"https:\/\/api.w.org\/{rel}","templated":true}]}}