{"id":101,"date":"2024-04-17T13:05:37","date_gmt":"2024-04-17T11:05:37","guid":{"rendered":"http:\/\/www.digitalisierungsberatung.at\/?page_id=101"},"modified":"2024-04-17T13:05:37","modified_gmt":"2024-04-17T11:05:37","slug":"impressum","status":"publish","type":"page","link":"http:\/\/www.digitalisierungsberatung.at\/?page_id=101","title":{"rendered":"Impressum"},"content":{"rendered":"\n<p>Firmenname: <strong>madlberger digitalisierungsberatung gmbh<\/strong><\/p>\n\n\n\n<p>Gesch\u00e4ftsadresse: A-7000 Eisenstadt, Krautgartenweg 4a-19<\/p>\n\n\n\n<p class=\"has-text-align-left\">Alleingesellschafter-Gesch\u00e4ftsf\u00fchrer: <strong>Hermann Madlberger MBA MPA<\/strong><br>Tel.:\u00a0\u00a0+43 664 6129045<br>eMail:\u00a0<a href=\"mailto:madlberger@digitalisierungsberatung.at\">madlberger@digitalisierungsberatung.at<\/a><\/p>\n\n\n\n<p>Firmenbuchnummer und -gericht: FN 483898 s LG Eisenstadt&nbsp;<\/p>\n\n\n\n<p>UID-Nummer: ATU72921458<\/p>\n\n\n\n<p>Wirtschaftskammer \u2013 Sparte UBIT: WKO 67947<\/p>\n\n\n\n<p>Gewerbeberechtigung: <strong>Unternehmensberatung <\/strong><br><strong>einschlie\u00dflich der Unternehmensorganisation <\/strong><br><strong>mit Schwerpunkt Digitalisierungsberatung<\/strong><\/p>\n","protected":false},"excerpt":{"rendered":"<p>Firmenname: madlberger digitalisierungsberatung gmbh Gesch\u00e4ftsadresse: A-7000 Eisenstadt, Krautgartenweg 4a-19 Alleingesellschafter-Gesch\u00e4ftsf\u00fchrer: Hermann Madlberger MBA MPATel.:\u00a0\u00a0+43 664 6129045eMail:\u00a0madlberger@digitalisierungsberatung.at Firmenbuchnummer und -gericht: FN 483898 s LG Eisenstadt&nbsp; UID-Nummer: ATU72921458 Wirtschaftskammer \u2013 Sparte UBIT: WKO 67947 Gewerbeberechtigung: Unternehmensberatung einschlie\u00dflich der Unternehmensorganisation mit Schwerpunkt Digitalisierungsberatung<\/p>\n","protected":false},"author":1,"featured_media":0,"parent":0,"menu_order":0,"comment_status":"closed","ping_status":"closed","template":"","meta":{"footnotes":""},"class_list":["post-101","page","type-page","status-publish","hentry"],"_links":{"self":[{"href":"http:\/\/www.digitalisierungsberatung.at\/index.php?rest_route=\/wp\/v2\/pages\/101","targetHints":{"allow":["GET"]}}],"collection":[{"href":"http:\/\/www.digitalisierungsberatung.at\/index.php?rest_route=\/wp\/v2\/pages"}],"about":[{"href":"http:\/\/www.digitalisierungsberatung.at\/index.php?rest_route=\/wp\/v2\/types\/page"}],"author":[{"embeddable":true,"href":"http:\/\/www.digitalisierungsberatung.at\/index.php?rest_route=\/wp\/v2\/users\/1"}],"replies":[{"embeddable":true,"href":"http:\/\/www.digitalisierungsberatung.at\/index.php?rest_route=%2Fwp%2Fv2%2Fcomments&post=101"}],"version-history":[{"count":4,"href":"http:\/\/www.digitalisierungsberatung.at\/index.php?rest_route=\/wp\/v2\/pages\/101\/revisions"}],"predecessor-version":[{"id":110,"href":"http:\/\/www.digitalisierungsberatung.at\/index.php?rest_route=\/wp\/v2\/pages\/101\/revisions\/110"}],"wp:attachment":[{"href":"http:\/\/www.digitalisierungsberatung.at\/index.php?rest_route=%2Fwp%2Fv2%2Fmedia&parent=101"}],"curies":[{"name":"wp","href":"https:\/\/api.w.org\/{rel}","templated":true}]}}